{"id":5332,"date":"2023-04-22T01:52:28","date_gmt":"2023-04-21T18:52:28","guid":{"rendered":"https:\/\/cmc-cs.demo3.servisense.agency\/?page_id=5332"},"modified":"2025-02-15T09:18:44","modified_gmt":"2025-02-15T02:18:44","slug":"lien-he","status":"publish","type":"page","link":"https:\/\/microsoft.cmctelecom.vn\/kr\/lien-he\/","title":{"rendered":"\uc5f0\ub77d\ud558\ub2e4"},"content":{"rendered":"<section class=\"section\" id=\"section_1435062354\">\n\t\t<div class=\"bg section-bg fill bg-fill bg-loaded\" >\n\n\t\t\t\n\t\t\t\n\t\t\t\n\n\t\t<\/div>\n\n\t\t\n\n\t\t<div class=\"section-content relative\">\n\t\t\t\n<div class=\"row\"  id=\"row-160165841\">\n\n\t<div id=\"col-351956211\" class=\"col medium-12 small-12 large-6\"  data-animate=\"fadeInLeft\">\n\t\t\t\t<div class=\"col-inner\"  >\n\t\t\t\n\t\t\t\n<h6>\uc5f0\ub77d\ud558\ub2e4<\/h6>\n\t<div id=\"text-3982951663\" class=\"text h2-title\">\n\t\t\n<h2>CMC Telecom cam k\u1ebft <br \/>\u0111\u1ed3ng h\u00e0nh c\u00f9ng doanh nghi\u1ec7p<\/h2>\n\t\t\t<\/div>\n\t\n<p>H\u00e3y \u0111\u1ec3 CMC Telecom theo \u0111u\u1ed5i s\u1ee9 m\u1ec7nh cung c\u1ea5p d\u1ecbch v\u1ee5 ti\u00eau chu\u1ea9n 5 sao v\u1edbi h\u01a1n 15 n\u0103m kinh nghi\u1ec7m trong ng\u00e0nh d\u1ecbch v\u1ee5 Vi\u1ec5n th\u00f4ng \u2013 C\u00f4ng ngh\u1ec7 th\u00f4ng tin khi \u0111\u01b0\u1ee3c h\u1ed7 tr\u1ee3 v\u00e0 gi\u00fap doanh nghi\u1ec7p c\u1ee7a b\u1ea1n v\u01b0\u1ee3t r\u00e0o c\u00e1c m\u1ee5c ti\u00eau<\/p>\n\t<div id=\"gap-651417848\" class=\"gap-element clearfix\" style=\"display:block; height:auto;\">\n\t\t\n<style>\n#gap-651417848 {\n  padding-top: 0px;\n}\n@media (min-width:550px) {\n  #gap-651417848 {\n    padding-top: 20px;\n  }\n}\n<\/style>\n\t<\/div>\n\t\n<a href=\"#connect\" class=\"button primary brand-global-btn\"  >\n    <span>K\u1ebft n\u1ed1i CMC Telecom<\/span>\n  <\/a>\n\n\t\t<\/div>\n\t\t\t\t\n<style>\n#col-351956211 > .col-inner {\n  padding: 0px 0px 0px 0px;\n  margin: 0px 0px -50px 0px;\n}\n@media (min-width:550px) {\n  #col-351956211 > .col-inner {\n    margin: 0px 0px -30px 0px;\n  }\n}\n@media (min-width:850px) {\n  #col-351956211 > .col-inner {\n    padding: 0px 80px 0px 0px;\n  }\n}\n<\/style>\n\t<\/div>\n\n\t\n\n\t<div id=\"col-238204802\" class=\"col hide-for-medium medium-12 small-12 large-6\"  data-animate=\"fadeInRight\">\n\t\t\t\t<div class=\"col-inner\"  >\n\t\t\t\n\t\t\t\n\n  <div class=\"banner has-hover banner-border-radius-18\" id=\"banner-1628357042\">\n          <div class=\"banner-inner fill\">\n        <div class=\"banner-bg fill\" >\n            <div class=\"bg fill bg-fill bg-loaded\"><\/div>\n                                    \n                    <\/div>\n\t\t\n        <div class=\"banner-layers container\">\n            <div class=\"fill banner-link\"><\/div>            \n        <\/div>\n      <\/div>\n\n            \n<style>\n#banner-1628357042 {\n  padding-top: 180px;\n  background-color: rgb(255, 255, 255);\n}\n#banner-1628357042 .bg.bg-loaded {\n  background-image: url(https:\/\/microsoft.cmctelecom.vn\/wp-content\/uploads\/2024\/05\/lien-he-img.webp);\n}\n@media (min-width:550px) {\n  #banner-1628357042 {\n    padding-top: 350px;\n  }\n}\n<\/style>\n  <\/div>\n\n\n\t\t<\/div>\n\t\t\t\t\n<style>\n#col-238204802 > .col-inner {\n  margin: 0px 0px -30px 0px;\n}\n<\/style>\n\t<\/div>\n\n\t\n<\/div>\n\t\t<\/div>\n\n\t\t\n<style>\n#section_1435062354 {\n  padding-top: 60px;\n  padding-bottom: 60px;\n  background-color: rgb(241, 241, 241);\n}\n#section_1435062354 .section-bg.bg-loaded {\n  background-image: url(https:\/\/microsoft.cmctelecom.vn\/wp-content\/uploads\/2024\/04\/cckh-banner-sec.webp);\n}\n#section_1435062354 .section-bg {\n  background-position: 100% 100%;\n}\n@media (min-width:550px) {\n  #section_1435062354 {\n    padding-top: 60px;\n    padding-bottom: 60px;\n  }\n}\n@media (min-width:850px) {\n  #section_1435062354 {\n    padding-top: 100px;\n    padding-bottom: 100px;\n  }\n}\n<\/style>\n\t<\/section>\n\t\n<span class=\"scroll-to\" data-label=\"Scroll to: #connect\" data-bullet=\"false\" data-link=\"#connect\" data-title=\"Connect\" ><a name=\"connect\"><\/a><\/span>\n\t<section class=\"section\" id=\"section_1789111093\">\n\t\t<div class=\"bg section-bg fill bg-fill bg-loaded\" >\n\n\t\t\t\n\t\t\t\n\t\t\t\n\n\t\t<\/div>\n\n\t\t\n\n\t\t<div class=\"section-content relative\">\n\t\t\t\n<div class=\"row align-center\"  id=\"row-1133031198\">\n\n\t<div id=\"col-480337946\" class=\"col small-12 large-12\"  data-animate=\"fadeInRight\">\n\t\t\t\t<div class=\"col-inner text-center\"  >\n\t\t\t\n\t\t\t\n\t<div id=\"text-3514516342\" class=\"text\">\n\t\t\n<h6>CMC \ud154\ub808\ucf64\uc5d0 \uc5f0\uacb0<\/h6>\n\t\t\n<style>\n#text-3514516342 {\n  text-align: center;\n}\n<\/style>\n\t<\/div>\n\t\n\t<div id=\"text-2030453986\" class=\"text h2-title\">\n\t\t\n<h2>B\u1eaft \u0111\u1ea7u t\u1eadn d\u1ee5ng nh\u1eefng ti\u1ec7n \u00edch t\u1eeb<br class=\"br-desktop\"> <span class=\"alt-font\">Microsoft 365<\/span> v\u00e0 <span class=\"alt-font\">Microsoft Azure<\/span> ngay h\u00f4m nay<\/h2>\n\t\t\n<style>\n#text-2030453986 {\n  text-align: center;\n}\n<\/style>\n\t<\/div>\n\t\n\t<div id=\"text-4061005696\" class=\"text\">\n\t\t\n<p>CMC Telecom cam k\u1ebft \u0111\u1ed3ng h\u00e0nh <br class=\"br-mobile\">c\u00f9ng doanh nghi\u1ec7p c\u1ee7a b\u1ea1n<\/p>\n\t\t\n<style>\n#text-4061005696 {\n  text-align: center;\n}\n<\/style>\n\t<\/div>\n\t\n\t\t<\/div>\n\t\t\t\t\n<style>\n#col-480337946 > .col-inner {\n  margin: 0px 0px -20px 0px;\n}\n@media (min-width:550px) {\n  #col-480337946 > .col-inner {\n    margin: 0px 0px 15px 0px;\n  }\n}\n<\/style>\n\t<\/div>\n\n\t\n\n\t<div id=\"col-1869642339\" class=\"col medium-12 small-12 large-8\"  data-animate=\"fadeInUp\">\n\t\t\t\t<div class=\"col-inner dark\"  >\n\t\t\t\n\t\t\t\n<div class=\"row row-small row-contact-phoneemail\"  id=\"row-1569100183\">\n\n\t<div id=\"col-748048779\" class=\"col gradient-bg-purple medium-6 small-12 large-6\"  >\n\t\t\t\t<div class=\"col-inner\" style=\"background-color:rgb(241, 242, 252);\" >\n\t\t\t\n\t\t\t\n\t<div id=\"text-4185200388\" class=\"text\">\n\t\t\n<h3>G\u1eedi Email cho ch\u00fang t\u00f4i<\/h3>\n\t\t\n<style>\n#text-4185200388 {\n  font-size: 1.2rem;\n  text-align: center;\n  color: #1aa1ee;\n}\n#text-4185200388 > * {\n  color: #1aa1ee;\n}\n<\/style>\n\t<\/div>\n\t\n\t<div id=\"gap-2035825051\" class=\"gap-element clearfix\" style=\"display:block; height:auto;\">\n\t\t\n<style>\n#gap-2035825051 {\n  padding-top: 15px;\n}\n<\/style>\n\t<\/div>\n\t\n\t<div id=\"text-76360770\" class=\"text\">\n\t\t\n<p><a href=\"mailto:microsoft@cmctelecom.vn\">microsoft@cmctelecom.vn<\/a><\/p>\n\t\t\n<style>\n#text-76360770 {\n  text-align: center;\n  color: #1aa1ee;\n}\n#text-76360770 > * {\n  color: #1aa1ee;\n}\n<\/style>\n\t<\/div>\n\t\n\t\t<\/div>\n\t\t\t\t\t<\/div>\n\n\t\n\n\t<div id=\"col-17051935\" class=\"col gradient-bg-blue medium-6 small-12 large-6\"  >\n\t\t\t\t<div class=\"col-inner\" style=\"background-color:rgb(28, 161, 238);\" >\n\t\t\t\n\t\t\t\n\t<div id=\"text-1199057179\" class=\"text\">\n\t\t\n<h3>Ch\u00fang t\u00f4i l\u1eafng nghe b\u1ea1n<\/h3>\n\t\t\n<style>\n#text-1199057179 {\n  font-size: 1.2rem;\n  text-align: center;\n  color: rgb(255, 255, 255);\n}\n#text-1199057179 > * {\n  color: rgb(255, 255, 255);\n}\n<\/style>\n\t<\/div>\n\t\n\t<div id=\"gap-395551920\" class=\"gap-element clearfix\" style=\"display:block; height:auto;\">\n\t\t\n<style>\n#gap-395551920 {\n  padding-top: 15px;\n}\n<\/style>\n\t<\/div>\n\t\n\t<div id=\"text-2943453381\" class=\"text\">\n\t\t\n<p><a href=\"tel:19002020\">1900 2020<\/a><\/p>\n\t\t\n<style>\n#text-2943453381 {\n  text-align: center;\n}\n<\/style>\n\t<\/div>\n\t\n\t\t<\/div>\n\t\t\t\t\t<\/div>\n\n\t\n\n<style>\n#row-1569100183 > .col > .col-inner {\n  padding: 25px 20px 20px 20px;\n  border-radius: 10px;\n}\n<\/style>\n<\/div>\n\t\t<\/div>\n\t\t\t\t\n<style>\n#col-1869642339 > .col-inner {\n  margin: 0px 0px -45px 0px;\n}\n@media (min-width:550px) {\n  #col-1869642339 > .col-inner {\n    margin: 0px 0px -40px 0px;\n  }\n}\n<\/style>\n\t<\/div>\n\n\t\n<\/div>\n\t\t<\/div>\n\n\t\t\n<style>\n#section_1789111093 {\n  padding-top: 60px;\n  padding-bottom: 60px;\n}\n#section_1789111093 .section-bg.bg-loaded {\n  background-image: url(https:\/\/microsoft.cmctelecom.vn\/wp-content\/uploads\/2024\/05\/lien-he-bg.webp);\n}\n@media (min-width:550px) {\n  #section_1789111093 {\n    padding-top: 60px;\n    padding-bottom: 60px;\n  }\n}\n@media (min-width:850px) {\n  #section_1789111093 {\n    padding-top: 80px;\n    padding-bottom: 80px;\n  }\n}\n<\/style>\n\t<\/section>\n\t\n\t<section class=\"section section-contact-2 dark\" id=\"section_1062428066\">\n\t\t<div class=\"bg section-bg fill bg-fill bg-loaded\" >\n\n\t\t\t\n\t\t\t\n\t\t\t\n\n\t\t<\/div>\n\n\t\t\n\n\t\t<div class=\"section-content relative\">\n\t\t\t\n<div class=\"row align-center\"  id=\"row-1569533822\">\n\n\t<div id=\"col-1304479874\" class=\"col medium-11 small-12 large-8\"  data-animate=\"fadeInRight\">\n\t\t\t\t<div class=\"col-inner\"  >\n\t\t\t\n\t\t\t\n\n\t\t<div class=\"icon-box featured-box icon-box-left text-left\"  >\n\t\t\t\t\t<div class=\"icon-box-img\" style=\"width: 160px\">\n\t\t\t\t<div class=\"icon\">\n\t\t\t\t\t<div class=\"icon-inner\" style=\"color:rgb(0, 119, 209);\">\n\t\t\t\t\t\t<svg width=\"200\" height=\"200\" viewbox=\"0 0 200 200\" fill=\"none\" xmlns=\"http:\/\/www.w3.org\/2000\/svg\">\n<circle cx=\"100\" cy=\"100\" r=\"100\" fill=\"url(#paint0_linear_1136_11486)\"\/>\n<path d=\"M74.8897 127.692C74.763 129.148 73.939 130.009 73.2101 130.472C70.9919 131.631 68.4569 132.293 65.8267 132.293C56.5418 132.293 48.9998 124.414 48.9998 114.715C48.9998 105.015 56.5418 97.1361 65.8267 97.1361C67.4112 97.1361 68.9638 97.3678 70.4215 97.7982V88.1647C68.9321 87.8999 67.3795 87.7344 65.8267 87.7344C51.5666 87.7344 40 99.8175 40 114.715C40 129.612 51.5666 141.695 65.8267 141.695C72.2596 141.695 78.2805 139.046 81.8614 135.736C82.0832 135.471 82.3367 135.239 82.6536 134.71L82.812 134.445C82.9071 134.279 83.1289 133.882 83.1605 133.816C83.319 133.419 83.4775 132.988 83.6042 132.492V132.459C83.6042 132.392 83.636 132.359 83.636 132.293C83.6676 132.194 83.6675 132.095 83.6992 131.995C83.7309 131.83 83.731 131.697 83.7626 131.532C83.7943 131.399 83.7944 131.002 83.8261 130.837V120.938L74.8897 107.498V127.692Z\" fill=\"#0077D1\"\/>\n<path d=\"M125.568 88.8359C123.78 89.5771 119.577 91.7668 116.283 96.5169L116.252 96.4832L100.003 121.581L83.7538 96.4832L83.7226 96.5169C80.4289 91.7668 76.2255 89.5771 74.4375 88.8359V98.8751L100.003 138.391L125.568 98.8751V88.8359Z\" fill=\"#0077D1\"\/>\n<path d=\"M134.821 87.7344C133.274 87.7344 131.789 87.9 130.335 88.165V97.8043C131.758 97.3737 133.274 97.1418 134.821 97.1418C143.884 97.1418 151.247 105.026 151.247 114.731C151.247 124.437 143.884 132.321 134.821 132.321C132.222 132.321 129.778 131.658 127.582 130.499C126.901 130.035 126.066 129.174 125.942 127.716V107.477L117.219 120.926V130.83C117.219 130.962 117.25 131.393 117.281 131.526C117.312 131.691 117.312 131.857 117.343 131.989C117.374 132.089 117.374 132.188 117.405 132.287C117.405 132.354 117.435 132.42 117.435 132.453V132.486C117.559 132.983 117.714 133.447 117.868 133.811C117.899 133.877 118.116 134.275 118.209 134.44L118.364 134.705C118.673 135.235 118.92 135.467 119.137 135.732C122.663 139.045 128.51 141.695 134.79 141.695C148.71 141.695 160.001 129.604 160.001 114.698C160.001 99.7918 148.741 87.7344 134.821 87.7344Z\" fill=\"#0077D1\"\/>\n<path d=\"M83.7338 88.8346C83.4826 87.6371 83.357 86.3731 83.357 85.0759C83.357 75.3299 90.8004 67.4466 100.003 67.4466C109.205 67.4466 116.648 75.3299 116.648 85.0759C116.648 86.3731 116.523 87.6038 116.272 88.8346C119.004 86.7057 122.176 85.1757 125.568 84.3441C125.191 69.7417 113.884 58 100.003 58C86.1207 58 74.8144 69.7417 74.4375 84.3441C77.8295 85.1424 81.0014 86.7057 83.7338 88.8346Z\" fill=\"#0077D1\"\/>\n<defs>\n<lineargradient id=\"paint0_linear_1136_11486\" x1=\"36.2316\" y1=\"4.3066\" x2=\"184.326\" y2=\"195.096\" gradientunits=\"userSpaceOnUse\">\n<stop stop-color=\"#FDFDFE\"\/>\n<stop offset=\"1\" stop-color=\"#CDD3F3\"\/>\n<\/lineargradient>\n<\/defs>\n<\/svg>\n\t\t\t\t\t<\/div>\n\t\t\t\t<\/div>\n\t\t\t<\/div>\n\t\t\t\t<div class=\"icon-box-text last-reset\">\n\t\t\t\t\t\t\t\t\t\n\t<div id=\"text-519048249\" class=\"text main-title\">\n\t\t\n<h3 data-line-height=\"m\">Ch\u00fang t\u00f4i lu\u00f4n s\u1eb5n s\u00e0ng h\u1ed7 tr\u1ee3 <br class=\"br-desktop\">doanh nghi\u1ec7p c\u1ee7a b\u1ea1n!<\/h3>\n\t\t\n<style>\n#text-519048249 {\n  font-size: 1.5rem;\n}\n@media (min-width:550px) {\n  #text-519048249 {\n    font-size: 1.7rem;\n  }\n}\n@media (min-width:850px) {\n  #text-519048249 {\n    font-size: 1.5rem;\n  }\n}\n<\/style>\n\t<\/div>\n\t\n\t<div id=\"gap-1604554092\" class=\"gap-element clearfix\" style=\"display:block; height:auto;\">\n\t\t\n<style>\n#gap-1604554092 {\n  padding-top: 15px;\n}\n@media (min-width:550px) {\n  #gap-1604554092 {\n    padding-top: 20px;\n  }\n}\n<\/style>\n\t<\/div>\n\t\n\t<div id=\"text-28946098\" class=\"text justify-align\">\n\t\t\n<p>H\u00e3y \u0111\u1ec3 CMC Telecom theo \u0111u\u1ed5i s\u1ee9 m\u1ec7nh cung c\u1ea5p d\u1ecbch v\u1ee5 ti\u00eau chu\u1ea9n 5 sao v\u1edbi h\u01a1n 15 n\u0103m kinh nghi\u1ec7m trong ng\u00e0nh d\u1ecbch v\u1ee5 Vi\u1ec5n th\u00f4ng &#8211; C\u00f4ng ngh\u1ec7 th\u00f4ng tin khi \u0111\u01b0\u1ee3c h\u1ed7 tr\u1ee3 v\u00e0 gi\u00fap doanh nghi\u1ec7p c\u1ee7a b\u1ea1n v\u01b0\u1ee3t r\u00e0o c\u00e1c m\u1ee5c ti\u00eau.<\/p>\n\t\t\t<\/div>\n\t\n\t\t<\/div>\n\t<\/div>\n\t\n\t\n\t\t<\/div>\n\t\t\t\t\n<style>\n#col-1304479874 > .col-inner {\n  margin: 0px 0px -30px 0px;\n}\n@media (min-width:550px) {\n  #col-1304479874 > .col-inner {\n    margin: 0px 0px -25px 0px;\n  }\n}\n<\/style>\n\t<\/div>\n\n\t\n<\/div>\n\t\t<\/div>\n\n\t\t\n<style>\n#section_1062428066 {\n  padding-top: 50px;\n  padding-bottom: 50px;\n}\n#section_1062428066 .section-bg.bg-loaded {\n  background-image: url(https:\/\/microsoft.cmctelecom.vn\/wp-content\/uploads\/2023\/09\/contact-banner-logocmc.jpg);\n}\n#section_1062428066 .section-bg {\n  background-position: 50% 50%;\n}\n@media (min-width:550px) {\n  #section_1062428066 {\n    padding-top: 85px;\n    padding-bottom: 85px;\n  }\n}\n<\/style>\n\t<\/section>","protected":false},"excerpt":{"rendered":"","protected":false},"author":5,"featured_media":0,"parent":0,"menu_order":0,"comment_status":"closed","ping_status":"closed","template":"page-blank.php","meta":{"_acf_changed":false,"footnotes":""},"class_list":["post-5332","page","type-page","status-publish","hentry"],"acf":[],"yoast_head":"<!-- This site is optimized with the Yoast SEO plugin v27.4 - https:\/\/yoast.com\/product\/yoast-seo-wordpress\/ -->\n<title>Li\u00ean h\u1ec7 | CMC Telecom<\/title>\n<meta name=\"description\" content=\"\u0110\u1ed1i t\u00e1c Tier-1 Solutions Provider c\u1ee7a Microsoft t\u1ea1i Vi\u1ec7t Nam\" \/>\n<meta name=\"robots\" content=\"noindex, follow, max-snippet:-1, max-image-preview:large, max-video-preview:-1\" \/>\n<meta property=\"og:locale\" content=\"ko_KR\" \/>\n<meta property=\"og:type\" content=\"article\" \/>\n<meta property=\"og:title\" content=\"Li\u00ean h\u1ec7 | CMC Telecom\" \/>\n<meta property=\"og:description\" content=\"\u0110\u1ed1i t\u00e1c Tier-1 Solutions Provider c\u1ee7a Microsoft t\u1ea1i Vi\u1ec7t Nam\" \/>\n<meta property=\"og:url\" content=\"https:\/\/microsoft.cmctelecom.vn\/kr\/lien-he\/\" \/>\n<meta property=\"og:site_name\" content=\"CMC Telecom\" \/>\n<meta property=\"article:modified_time\" content=\"2025-02-15T02:18:44+00:00\" \/>\n<meta property=\"og:image\" content=\"https:\/\/microsoft.cmctelecom.vn\/wp-content\/uploads\/2024\/05\/ctelms-thumbnail.jpg\" \/>\n\t<meta property=\"og:image:width\" content=\"1200\" \/>\n\t<meta property=\"og:image:height\" content=\"675\" \/>\n\t<meta property=\"og:image:type\" content=\"image\/jpeg\" \/>\n<meta name=\"twitter:card\" content=\"summary_large_image\" \/>\n<script type=\"application\/ld+json\" class=\"yoast-schema-graph\">{\"@context\":\"https:\\\/\\\/schema.org\",\"@graph\":[{\"@type\":\"WebPage\",\"@id\":\"https:\\\/\\\/microsoft.cmctelecom.vn\\\/lien-he\\\/\",\"url\":\"https:\\\/\\\/microsoft.cmctelecom.vn\\\/lien-he\\\/\",\"name\":\"Li\u00ean h\u1ec7 | CMC Telecom\",\"isPartOf\":{\"@id\":\"https:\\\/\\\/microsoft.cmctelecom.vn\\\/#website\"},\"datePublished\":\"2023-04-21T18:52:28+00:00\",\"dateModified\":\"2025-02-15T02:18:44+00:00\",\"description\":\"\u0110\u1ed1i t\u00e1c Tier-1 Solutions Provider c\u1ee7a Microsoft t\u1ea1i Vi\u1ec7t Nam\",\"breadcrumb\":{\"@id\":\"https:\\\/\\\/microsoft.cmctelecom.vn\\\/lien-he\\\/#breadcrumb\"},\"inLanguage\":\"ko-KR\",\"potentialAction\":[{\"@type\":\"ReadAction\",\"target\":[\"https:\\\/\\\/microsoft.cmctelecom.vn\\\/lien-he\\\/\"]}]},{\"@type\":\"BreadcrumbList\",\"@id\":\"https:\\\/\\\/microsoft.cmctelecom.vn\\\/lien-he\\\/#breadcrumb\",\"itemListElement\":[{\"@type\":\"ListItem\",\"position\":1,\"name\":\"Trang ch\u1ee7\",\"item\":\"https:\\\/\\\/microsoft.cmctelecom.vn\\\/\"},{\"@type\":\"ListItem\",\"position\":2,\"name\":\"Li\u00ean h\u1ec7\"}]},{\"@type\":\"WebSite\",\"@id\":\"https:\\\/\\\/microsoft.cmctelecom.vn\\\/#website\",\"url\":\"https:\\\/\\\/microsoft.cmctelecom.vn\\\/\",\"name\":\"CMC Telecom\",\"description\":\"\u0110\u1ed1i t\u00e1c Tier-1 Solutions Provider c\u1ee7a Microsoft t\u1ea1i Vi\u1ec7t Nam\",\"publisher\":{\"@id\":\"https:\\\/\\\/microsoft.cmctelecom.vn\\\/#organization\"},\"potentialAction\":[{\"@type\":\"SearchAction\",\"target\":{\"@type\":\"EntryPoint\",\"urlTemplate\":\"https:\\\/\\\/microsoft.cmctelecom.vn\\\/?s={search_term_string}\"},\"query-input\":{\"@type\":\"PropertyValueSpecification\",\"valueRequired\":true,\"valueName\":\"search_term_string\"}}],\"inLanguage\":\"ko-KR\"},{\"@type\":\"Organization\",\"@id\":\"https:\\\/\\\/microsoft.cmctelecom.vn\\\/#organization\",\"name\":\"CMC Telecom\",\"alternateName\":\"CMC Telecom\",\"url\":\"https:\\\/\\\/microsoft.cmctelecom.vn\\\/\",\"logo\":{\"@type\":\"ImageObject\",\"inLanguage\":\"ko-KR\",\"@id\":\"https:\\\/\\\/microsoft.cmctelecom.vn\\\/#\\\/schema\\\/logo\\\/image\\\/\",\"url\":\"https:\\\/\\\/ctelms-final.demo7.servisense.agency\\\/wp-content\\\/uploads\\\/2023\\\/07\\\/cmc-telecom-logo.png\",\"contentUrl\":\"https:\\\/\\\/ctelms-final.demo7.servisense.agency\\\/wp-content\\\/uploads\\\/2023\\\/07\\\/cmc-telecom-logo.png\",\"width\":400,\"height\":96,\"caption\":\"CMC Telecom\"},\"image\":{\"@id\":\"https:\\\/\\\/microsoft.cmctelecom.vn\\\/#\\\/schema\\\/logo\\\/image\\\/\"}}]}<\/script>\n<!-- \/ Yoast SEO plugin. -->","yoast_head_json":{"title":"Li\u00ean h\u1ec7 | CMC Telecom","description":"\ubca0\ud2b8\ub0a8 Microsoft\uc758 Tier-1 \uc194\ub8e8\uc158 \uc81c\uacf5\uc5c5\uccb4 \ud30c\ud2b8\ub108","robots":{"index":"noindex","follow":"follow","max-snippet":"max-snippet:-1","max-image-preview":"max-image-preview:large","max-video-preview":"max-video-preview:-1"},"og_locale":"ko_KR","og_type":"article","og_title":"Li\u00ean h\u1ec7 | CMC Telecom","og_description":"\u0110\u1ed1i t\u00e1c Tier-1 Solutions Provider c\u1ee7a Microsoft t\u1ea1i Vi\u1ec7t Nam","og_url":"https:\/\/microsoft.cmctelecom.vn\/kr\/lien-he\/","og_site_name":"CMC Telecom","article_modified_time":"2025-02-15T02:18:44+00:00","og_image":[{"width":1200,"height":675,"url":"https:\/\/microsoft.cmctelecom.vn\/wp-content\/uploads\/2024\/05\/ctelms-thumbnail.jpg","type":"image\/jpeg"}],"twitter_card":"summary_large_image","schema":{"@context":"https:\/\/schema.org","@graph":[{"@type":"WebPage","@id":"https:\/\/microsoft.cmctelecom.vn\/lien-he\/","url":"https:\/\/microsoft.cmctelecom.vn\/lien-he\/","name":"Li\u00ean h\u1ec7 | CMC Telecom","isPartOf":{"@id":"https:\/\/microsoft.cmctelecom.vn\/#website"},"datePublished":"2023-04-21T18:52:28+00:00","dateModified":"2025-02-15T02:18:44+00:00","description":"\ubca0\ud2b8\ub0a8 Microsoft\uc758 Tier-1 \uc194\ub8e8\uc158 \uc81c\uacf5\uc5c5\uccb4 \ud30c\ud2b8\ub108","breadcrumb":{"@id":"https:\/\/microsoft.cmctelecom.vn\/lien-he\/#breadcrumb"},"inLanguage":"ko-KR","potentialAction":[{"@type":"ReadAction","target":["https:\/\/microsoft.cmctelecom.vn\/lien-he\/"]}]},{"@type":"BreadcrumbList","@id":"https:\/\/microsoft.cmctelecom.vn\/lien-he\/#breadcrumb","itemListElement":[{"@type":"ListItem","position":1,"name":"Trang ch\u1ee7","item":"https:\/\/microsoft.cmctelecom.vn\/"},{"@type":"ListItem","position":2,"name":"Li\u00ean h\u1ec7"}]},{"@type":"WebSite","@id":"https:\/\/microsoft.cmctelecom.vn\/#website","url":"https:\/\/microsoft.cmctelecom.vn\/","name":"CMC\ud154\ub808\ucf64","description":"\ubca0\ud2b8\ub0a8 Microsoft\uc758 Tier-1 \uc194\ub8e8\uc158 \uc81c\uacf5\uc5c5\uccb4 \ud30c\ud2b8\ub108","publisher":{"@id":"https:\/\/microsoft.cmctelecom.vn\/#organization"},"potentialAction":[{"@type":"SearchAction","target":{"@type":"EntryPoint","urlTemplate":"https:\/\/microsoft.cmctelecom.vn\/?s={search_term_string}"},"query-input":{"@type":"PropertyValueSpecification","valueRequired":true,"valueName":"search_term_string"}}],"inLanguage":"ko-KR"},{"@type":"Organization","@id":"https:\/\/microsoft.cmctelecom.vn\/#organization","name":"CMC\ud154\ub808\ucf64","alternateName":"CMC Telecom","url":"https:\/\/microsoft.cmctelecom.vn\/","logo":{"@type":"ImageObject","inLanguage":"ko-KR","@id":"https:\/\/microsoft.cmctelecom.vn\/#\/schema\/logo\/image\/","url":"https:\/\/ctelms-final.demo7.servisense.agency\/wp-content\/uploads\/2023\/07\/cmc-telecom-logo.png","contentUrl":"https:\/\/ctelms-final.demo7.servisense.agency\/wp-content\/uploads\/2023\/07\/cmc-telecom-logo.png","width":400,"height":96,"caption":"CMC Telecom"},"image":{"@id":"https:\/\/microsoft.cmctelecom.vn\/#\/schema\/logo\/image\/"}}]}},"_links":{"self":[{"href":"https:\/\/microsoft.cmctelecom.vn\/kr\/wp-json\/wp\/v2\/pages\/5332","targetHints":{"allow":["GET"]}}],"collection":[{"href":"https:\/\/microsoft.cmctelecom.vn\/kr\/wp-json\/wp\/v2\/pages"}],"about":[{"href":"https:\/\/microsoft.cmctelecom.vn\/kr\/wp-json\/wp\/v2\/types\/page"}],"author":[{"embeddable":true,"href":"https:\/\/microsoft.cmctelecom.vn\/kr\/wp-json\/wp\/v2\/users\/5"}],"replies":[{"embeddable":true,"href":"https:\/\/microsoft.cmctelecom.vn\/kr\/wp-json\/wp\/v2\/comments?post=5332"}],"version-history":[{"count":27,"href":"https:\/\/microsoft.cmctelecom.vn\/kr\/wp-json\/wp\/v2\/pages\/5332\/revisions"}],"predecessor-version":[{"id":11482,"href":"https:\/\/microsoft.cmctelecom.vn\/kr\/wp-json\/wp\/v2\/pages\/5332\/revisions\/11482"}],"wp:attachment":[{"href":"https:\/\/microsoft.cmctelecom.vn\/kr\/wp-json\/wp\/v2\/media?parent=5332"}],"curies":[{"name":"wp","href":"https:\/\/api.w.org\/{rel}","templated":true}]}}